{"id":16,"date":"2018-03-10T08:57:34","date_gmt":"2018-03-10T08:57:34","guid":{"rendered":"http:\/\/sudbrau.de\/?page_id=16"},"modified":"2018-03-29T15:28:42","modified_gmt":"2018-03-29T15:28:42","slug":"ueber-sb-braumanufaktur","status":"publish","type":"page","link":"http:\/\/sudbrau.de\/?page_id=16","title":{"rendered":"\u00fcber SB-Braumanufaktur"},"content":{"rendered":"<p>Die SudBr\u00e4u-Braumanufaktur ist eine kleine Hobbybrauerei, die in der Gr\u00f6\u00dfenordnung von 25 Liter verschiedenste Bierrezepte f\u00fcr den privaten Gebrauch herstellt.<\/p>\n<p>Der Fokus liegt dabei auf dem Ausprobieren der unterschiedlichen Bierstile und dem Erstellen und verbessern von eigenen Rezepten.<\/p>\n<p>Allerdings wird auch versucht, besonders gute Biere der gro\u00dfen Brauereien nach zu brauen.<\/p>\n<p>&nbsp;<\/p>\n<p>&nbsp;<\/p>\n","protected":false},"excerpt":{"rendered":"<p>Die SudBr\u00e4u-Braumanufaktur ist eine kleine Hobbybrauerei, die in der Gr\u00f6\u00dfenordnung von 25 Liter verschiedenste Bierrezepte f\u00fcr den privaten Gebrauch herstellt. Der Fokus liegt dabei auf dem Ausprobieren der unterschiedlichen Bierstile und dem Erstellen und verbessern von eigenen Rezepten. Allerdings wird auch versucht, besonders gute Biere der gro\u00dfen Brauereien nach zu brauen. &nbsp; &nbsp;<\/p>\n","protected":false},"author":1,"featured_media":0,"parent":0,"menu_order":0,"comment_status":"closed","ping_status":"closed","template":"","meta":{"ngg_post_thumbnail":0,"footnotes":""},"class_list":["post-16","page","type-page","status-publish","hentry"],"_links":{"self":[{"href":"http:\/\/sudbrau.de\/index.php?rest_route=\/wp\/v2\/pages\/16","targetHints":{"allow":["GET"]}}],"collection":[{"href":"http:\/\/sudbrau.de\/index.php?rest_route=\/wp\/v2\/pages"}],"about":[{"href":"http:\/\/sudbrau.de\/index.php?rest_route=\/wp\/v2\/types\/page"}],"author":[{"embeddable":true,"href":"http:\/\/sudbrau.de\/index.php?rest_route=\/wp\/v2\/users\/1"}],"replies":[{"embeddable":true,"href":"http:\/\/sudbrau.de\/index.php?rest_route=%2Fwp%2Fv2%2Fcomments&post=16"}],"version-history":[{"count":4,"href":"http:\/\/sudbrau.de\/index.php?rest_route=\/wp\/v2\/pages\/16\/revisions"}],"predecessor-version":[{"id":178,"href":"http:\/\/sudbrau.de\/index.php?rest_route=\/wp\/v2\/pages\/16\/revisions\/178"}],"wp:attachment":[{"href":"http:\/\/sudbrau.de\/index.php?rest_route=%2Fwp%2Fv2%2Fmedia&parent=16"}],"curies":[{"name":"wp","href":"https:\/\/api.w.org\/{rel}","templated":true}]}}