{"id":17,"date":"2018-03-10T08:57:34","date_gmt":"2018-03-10T08:57:34","guid":{"rendered":"http:\/\/sudbrau.de\/?page_id=17"},"modified":"2018-03-29T16:15:39","modified_gmt":"2018-03-29T16:15:39","slug":"unsere-biere","status":"publish","type":"page","link":"http:\/\/sudbrau.de\/?page_id=17","title":{"rendered":"Unsere Biere"},"content":{"rendered":"<p>Die SudBr\u00e4u-Braumanufaktur braut haupts\u00e4chlich unterg\u00e4rige Biere wie Pils, M\u00e4rzen, Braunbier oder helles Lagerbier.<\/p>\n<p>Saisonal gibt es auch mal ein Rauchbier bzw. einen Rauchbock oder einfach einen hellen oder dunklen Bock.<\/p>\n<p>Weiterhin werden auch verschiedene oberg\u00e4rige Biere wie Weizen oder auch mal ein Pale Ale bzw. ein Altbier gebraut.<\/p>\n","protected":false},"excerpt":{"rendered":"<p>Die SudBr\u00e4u-Braumanufaktur braut haupts\u00e4chlich unterg\u00e4rige Biere wie Pils, M\u00e4rzen, Braunbier oder helles Lagerbier. Saisonal gibt es auch mal ein Rauchbier bzw. einen Rauchbock oder einfach einen hellen oder dunklen Bock. Weiterhin werden auch verschiedene oberg\u00e4rige Biere wie Weizen oder auch mal ein Pale Ale bzw. ein Altbier gebraut.<\/p>\n","protected":false},"author":1,"featured_media":0,"parent":0,"menu_order":0,"comment_status":"closed","ping_status":"closed","template":"","meta":{"ngg_post_thumbnail":0,"footnotes":""},"class_list":["post-17","page","type-page","status-publish","hentry"],"_links":{"self":[{"href":"http:\/\/sudbrau.de\/index.php?rest_route=\/wp\/v2\/pages\/17","targetHints":{"allow":["GET"]}}],"collection":[{"href":"http:\/\/sudbrau.de\/index.php?rest_route=\/wp\/v2\/pages"}],"about":[{"href":"http:\/\/sudbrau.de\/index.php?rest_route=\/wp\/v2\/types\/page"}],"author":[{"embeddable":true,"href":"http:\/\/sudbrau.de\/index.php?rest_route=\/wp\/v2\/users\/1"}],"replies":[{"embeddable":true,"href":"http:\/\/sudbrau.de\/index.php?rest_route=%2Fwp%2Fv2%2Fcomments&post=17"}],"version-history":[{"count":3,"href":"http:\/\/sudbrau.de\/index.php?rest_route=\/wp\/v2\/pages\/17\/revisions"}],"predecessor-version":[{"id":180,"href":"http:\/\/sudbrau.de\/index.php?rest_route=\/wp\/v2\/pages\/17\/revisions\/180"}],"wp:attachment":[{"href":"http:\/\/sudbrau.de\/index.php?rest_route=%2Fwp%2Fv2%2Fmedia&parent=17"}],"curies":[{"name":"wp","href":"https:\/\/api.w.org\/{rel}","templated":true}]}}