{"id":56,"date":"2018-03-21T11:55:59","date_gmt":"2018-03-21T11:55:59","guid":{"rendered":"http:\/\/sudbrau.de\/?page_id=56"},"modified":"2018-03-29T15:01:27","modified_gmt":"2018-03-29T15:01:27","slug":"gaerkeller","status":"publish","type":"page","link":"http:\/\/sudbrau.de\/?page_id=56","title":{"rendered":"G\u00e4rkeller"},"content":{"rendered":"<p>Der G\u00e4rkeller der SudBr\u00e4u-Braumanufaktur besteht im wesentlichen aus einem gro\u00dfen K\u00fchlschrank und einem angepassten Edelstahlkegfass mit 30 Litern Inhalt.<\/p>\n<div data-carousel-extra='{\"blog_id\":1,\"permalink\":\"http:\\\/\\\/sudbrau.de\\\/?page_id=56\"}' id='gallery-1' class='gallery galleryid-56 gallery-columns-3 gallery-size-thumbnail'><figure class='gallery-item'>\n\t\t\t<div class='gallery-icon portrait'>\n\t\t\t\t<a href='http:\/\/sudbrau.de\/?attachment_id=163'><img loading=\"lazy\" decoding=\"async\" data-attachment-id=\"163\" data-orig-file=\"http:\/\/sudbrau.de\/wp-content\/uploads\/2018\/03\/IMG_20180329_162615.jpg\" data-orig-size=\"3000,5333\" data-comments-opened=\"1\" data-image-meta=\"{&quot;aperture&quot;:&quot;1.8&quot;,&quot;credit&quot;:&quot;&quot;,&quot;camera&quot;:&quot;ZTE A2017G&quot;,&quot;caption&quot;:&quot;&quot;,&quot;created_timestamp&quot;:&quot;1522340775&quot;,&quot;copyright&quot;:&quot;&quot;,&quot;focal_length&quot;:&quot;4.216&quot;,&quot;iso&quot;:&quot;341&quot;,&quot;shutter_speed&quot;:&quot;0.033333333333333&quot;,&quot;title&quot;:&quot;&quot;,&quot;orientation&quot;:&quot;0&quot;,&quot;keywords&quot;:&quot;Array&quot;}\" data-image-title=\"IMG_20180329_162615\" data-image-description=\"\" data-medium-file=\"http:\/\/sudbrau.de\/wp-content\/uploads\/2018\/03\/IMG_20180329_162615-169x300.jpg\" data-large-file=\"http:\/\/sudbrau.de\/wp-content\/uploads\/2018\/03\/IMG_20180329_162615-576x1024.jpg\" width=\"150\" height=\"150\" src=\"http:\/\/sudbrau.de\/wp-content\/uploads\/2018\/03\/IMG_20180329_162615-150x150.jpg\" class=\"attachment-thumbnail size-thumbnail\" alt=\"\" aria-describedby=\"gallery-1-163\" srcset=\"http:\/\/sudbrau.de\/wp-content\/uploads\/2018\/03\/IMG_20180329_162615-150x150.jpg 150w, http:\/\/sudbrau.de\/wp-content\/uploads\/2018\/03\/IMG_20180329_162615-100x100.jpg 100w\" sizes=\"auto, 100vw\" \/><\/a>\n\t\t\t<\/div>\n\t\t\t\t<figcaption class='wp-caption-text gallery-caption' id='gallery-1-163'>\n\t\t\t\tK\u00fchlschrank Vestfrost\n\t\t\t\t<\/figcaption><\/figure><figure class='gallery-item'>\n\t\t\t<div class='gallery-icon portrait'>\n\t\t\t\t<a href='http:\/\/sudbrau.de\/?attachment_id=160'><img loading=\"lazy\" decoding=\"async\" data-attachment-id=\"160\" data-orig-file=\"http:\/\/sudbrau.de\/wp-content\/uploads\/2018\/03\/IMG_20180104_122154.jpg\" data-orig-size=\"3000,5333\" data-comments-opened=\"1\" data-image-meta=\"{&quot;aperture&quot;:&quot;1.8&quot;,&quot;credit&quot;:&quot;&quot;,&quot;camera&quot;:&quot;ZTE A2017G&quot;,&quot;caption&quot;:&quot;&quot;,&quot;created_timestamp&quot;:&quot;1515068514&quot;,&quot;copyright&quot;:&quot;&quot;,&quot;focal_length&quot;:&quot;4.216&quot;,&quot;iso&quot;:&quot;341&quot;,&quot;shutter_speed&quot;:&quot;0.033333333333333&quot;,&quot;title&quot;:&quot;&quot;,&quot;orientation&quot;:&quot;0&quot;,&quot;keywords&quot;:&quot;Array&quot;}\" data-image-title=\"IMG_20180104_122154\" data-image-description=\"\" data-medium-file=\"http:\/\/sudbrau.de\/wp-content\/uploads\/2018\/03\/IMG_20180104_122154-169x300.jpg\" data-large-file=\"http:\/\/sudbrau.de\/wp-content\/uploads\/2018\/03\/IMG_20180104_122154-576x1024.jpg\" width=\"150\" height=\"150\" src=\"http:\/\/sudbrau.de\/wp-content\/uploads\/2018\/03\/IMG_20180104_122154-150x150.jpg\" class=\"attachment-thumbnail size-thumbnail\" alt=\"\" aria-describedby=\"gallery-1-160\" srcset=\"http:\/\/sudbrau.de\/wp-content\/uploads\/2018\/03\/IMG_20180104_122154-150x150.jpg 150w, http:\/\/sudbrau.de\/wp-content\/uploads\/2018\/03\/IMG_20180104_122154-100x100.jpg 100w\" sizes=\"auto, 100vw\" \/><\/a>\n\t\t\t<\/div>\n\t\t\t\t<figcaption class='wp-caption-text gallery-caption' id='gallery-1-160'>\n\t\t\t\tG\u00e4rbottich\n\t\t\t\t<\/figcaption><\/figure><figure class='gallery-item'>\n\t\t\t<div class='gallery-icon portrait'>\n\t\t\t\t<a href='http:\/\/sudbrau.de\/?attachment_id=159'><img loading=\"lazy\" decoding=\"async\" data-attachment-id=\"159\" data-orig-file=\"http:\/\/sudbrau.de\/wp-content\/uploads\/2018\/03\/IMG_20180104_122146.jpg\" data-orig-size=\"3000,5333\" data-comments-opened=\"1\" data-image-meta=\"{&quot;aperture&quot;:&quot;1.8&quot;,&quot;credit&quot;:&quot;&quot;,&quot;camera&quot;:&quot;ZTE A2017G&quot;,&quot;caption&quot;:&quot;&quot;,&quot;created_timestamp&quot;:&quot;1515068506&quot;,&quot;copyright&quot;:&quot;&quot;,&quot;focal_length&quot;:&quot;4.216&quot;,&quot;iso&quot;:&quot;368&quot;,&quot;shutter_speed&quot;:&quot;0.05&quot;,&quot;title&quot;:&quot;&quot;,&quot;orientation&quot;:&quot;0&quot;,&quot;keywords&quot;:&quot;Array&quot;}\" data-image-title=\"IMG_20180104_122146\" data-image-description=\"\" data-medium-file=\"http:\/\/sudbrau.de\/wp-content\/uploads\/2018\/03\/IMG_20180104_122146-169x300.jpg\" data-large-file=\"http:\/\/sudbrau.de\/wp-content\/uploads\/2018\/03\/IMG_20180104_122146-576x1024.jpg\" width=\"150\" height=\"150\" src=\"http:\/\/sudbrau.de\/wp-content\/uploads\/2018\/03\/IMG_20180104_122146-150x150.jpg\" class=\"attachment-thumbnail size-thumbnail\" alt=\"\" aria-describedby=\"gallery-1-159\" srcset=\"http:\/\/sudbrau.de\/wp-content\/uploads\/2018\/03\/IMG_20180104_122146-150x150.jpg 150w, http:\/\/sudbrau.de\/wp-content\/uploads\/2018\/03\/IMG_20180104_122146-100x100.jpg 100w\" sizes=\"auto, 100vw\" \/><\/a>\n\t\t\t<\/div>\n\t\t\t\t<figcaption class='wp-caption-text gallery-caption' id='gallery-1-159'>\n\t\t\t\toffener K\u00fchlschrank\n\t\t\t\t<\/figcaption><\/figure>\n\t\t<\/div>\n\n<p>Die Temperatursteuerung erfolgt \u00fcber den allseits bekannten Inkbird Regler, der ein Heizen und auch ein K\u00fchlen zul\u00e4sst. Weiterhin wird ab und an auch die iSpindel zur Temperatur- und Extraktmessung verwendet. Bei unterg\u00e4rigen Bieren wird eigentlich t\u00e4glich der Extraktabbau mittels EasyDens bzw. Spindel gemessen, um entsprechend die Temperatur an diesen anpassen zu k\u00f6nnen.<\/p>\n<div data-carousel-extra='{\"blog_id\":1,\"permalink\":\"http:\\\/\\\/sudbrau.de\\\/?page_id=56\"}' id='gallery-2' class='gallery galleryid-56 gallery-columns-2 gallery-size-thumbnail'><figure class='gallery-item'>\n\t\t\t<div class='gallery-icon landscape'>\n\t\t\t\t<a href='http:\/\/sudbrau.de\/?attachment_id=168'><img loading=\"lazy\" decoding=\"async\" data-attachment-id=\"168\" data-orig-file=\"http:\/\/sudbrau.de\/wp-content\/uploads\/2018\/03\/2018-01-07-22_22_11-kleiner-brauhelfer-v1.4.3.2-Pils.png\" data-orig-size=\"1856,622\" data-comments-opened=\"1\" data-image-meta=\"{&quot;aperture&quot;:&quot;0&quot;,&quot;credit&quot;:&quot;&quot;,&quot;camera&quot;:&quot;&quot;,&quot;caption&quot;:&quot;&quot;,&quot;created_timestamp&quot;:&quot;0&quot;,&quot;copyright&quot;:&quot;&quot;,&quot;focal_length&quot;:&quot;0&quot;,&quot;iso&quot;:&quot;0&quot;,&quot;shutter_speed&quot;:&quot;0&quot;,&quot;title&quot;:&quot;&quot;,&quot;orientation&quot;:&quot;0&quot;,&quot;keywords&quot;:&quot;Array&quot;}\" data-image-title=\"2018-01-07 22_22_11-kleiner-brauhelfer v1.4.3.2 &#8211; Pils\" data-image-description=\"\" data-medium-file=\"http:\/\/sudbrau.de\/wp-content\/uploads\/2018\/03\/2018-01-07-22_22_11-kleiner-brauhelfer-v1.4.3.2-Pils-300x101.png\" data-large-file=\"http:\/\/sudbrau.de\/wp-content\/uploads\/2018\/03\/2018-01-07-22_22_11-kleiner-brauhelfer-v1.4.3.2-Pils-1024x343.png\" width=\"150\" height=\"150\" src=\"http:\/\/sudbrau.de\/wp-content\/uploads\/2018\/03\/2018-01-07-22_22_11-kleiner-brauhelfer-v1.4.3.2-Pils-150x150.png\" class=\"attachment-thumbnail size-thumbnail\" alt=\"\" aria-describedby=\"gallery-2-168\" srcset=\"http:\/\/sudbrau.de\/wp-content\/uploads\/2018\/03\/2018-01-07-22_22_11-kleiner-brauhelfer-v1.4.3.2-Pils-150x150.png 150w, http:\/\/sudbrau.de\/wp-content\/uploads\/2018\/03\/2018-01-07-22_22_11-kleiner-brauhelfer-v1.4.3.2-Pils-100x100.png 100w\" sizes=\"auto, 100vw\" \/><\/a>\n\t\t\t<\/div>\n\t\t\t\t<figcaption class='wp-caption-text gallery-caption' id='gallery-2-168'>\n\t\t\t\tG\u00e4rverlauf kleiner Brauhelfer\n\t\t\t\t<\/figcaption><\/figure><figure class='gallery-item'>\n\t\t\t<div class='gallery-icon landscape'>\n\t\t\t\t<a href='http:\/\/sudbrau.de\/?attachment_id=169'><img loading=\"lazy\" decoding=\"async\" data-attachment-id=\"169\" data-orig-file=\"http:\/\/sudbrau.de\/wp-content\/uploads\/2018\/03\/2018-01-07-23_10_58-Microsoft-Excel-Mappe1.png\" data-orig-size=\"1276,828\" data-comments-opened=\"1\" data-image-meta=\"{&quot;aperture&quot;:&quot;0&quot;,&quot;credit&quot;:&quot;&quot;,&quot;camera&quot;:&quot;&quot;,&quot;caption&quot;:&quot;&quot;,&quot;created_timestamp&quot;:&quot;0&quot;,&quot;copyright&quot;:&quot;&quot;,&quot;focal_length&quot;:&quot;0&quot;,&quot;iso&quot;:&quot;0&quot;,&quot;shutter_speed&quot;:&quot;0&quot;,&quot;title&quot;:&quot;&quot;,&quot;orientation&quot;:&quot;0&quot;,&quot;keywords&quot;:&quot;Array&quot;}\" data-image-title=\"2018-01-07 23_10_58-Microsoft Excel &#8211; Mappe1\" data-image-description=\"\" data-medium-file=\"http:\/\/sudbrau.de\/wp-content\/uploads\/2018\/03\/2018-01-07-23_10_58-Microsoft-Excel-Mappe1-300x195.png\" data-large-file=\"http:\/\/sudbrau.de\/wp-content\/uploads\/2018\/03\/2018-01-07-23_10_58-Microsoft-Excel-Mappe1-1024x664.png\" width=\"150\" height=\"150\" src=\"http:\/\/sudbrau.de\/wp-content\/uploads\/2018\/03\/2018-01-07-23_10_58-Microsoft-Excel-Mappe1-150x150.png\" class=\"attachment-thumbnail size-thumbnail\" alt=\"\" aria-describedby=\"gallery-2-169\" srcset=\"http:\/\/sudbrau.de\/wp-content\/uploads\/2018\/03\/2018-01-07-23_10_58-Microsoft-Excel-Mappe1-150x150.png 150w, http:\/\/sudbrau.de\/wp-content\/uploads\/2018\/03\/2018-01-07-23_10_58-Microsoft-Excel-Mappe1-100x100.png 100w\" sizes=\"auto, 100vw\" \/><\/a>\n\t\t\t<\/div>\n\t\t\t\t<figcaption class='wp-caption-text gallery-caption' id='gallery-2-169'>\n\t\t\t\tG\u00e4rverlauf iSpindel\n\t\t\t\t<\/figcaption><\/figure><figure class='gallery-item'>\n\t\t\t<div class='gallery-icon landscape'>\n\t\t\t\t<a href='http:\/\/sudbrau.de\/?attachment_id=170'><img loading=\"lazy\" decoding=\"async\" data-attachment-id=\"170\" data-orig-file=\"http:\/\/sudbrau.de\/wp-content\/uploads\/2018\/03\/20180107_101450-COLLAGE.jpg\" data-orig-size=\"1024,1024\" data-comments-opened=\"1\" data-image-meta=\"{&quot;aperture&quot;:&quot;0&quot;,&quot;credit&quot;:&quot;&quot;,&quot;camera&quot;:&quot;&quot;,&quot;caption&quot;:&quot;&quot;,&quot;created_timestamp&quot;:&quot;0&quot;,&quot;copyright&quot;:&quot;&quot;,&quot;focal_length&quot;:&quot;0&quot;,&quot;iso&quot;:&quot;0&quot;,&quot;shutter_speed&quot;:&quot;0&quot;,&quot;title&quot;:&quot;&quot;,&quot;orientation&quot;:&quot;0&quot;,&quot;keywords&quot;:&quot;Array&quot;}\" data-image-title=\"20180107_101450-COLLAGE\" data-image-description=\"\" data-medium-file=\"http:\/\/sudbrau.de\/wp-content\/uploads\/2018\/03\/20180107_101450-COLLAGE-300x300.jpg\" data-large-file=\"http:\/\/sudbrau.de\/wp-content\/uploads\/2018\/03\/20180107_101450-COLLAGE.jpg\" width=\"150\" height=\"150\" src=\"http:\/\/sudbrau.de\/wp-content\/uploads\/2018\/03\/20180107_101450-COLLAGE-150x150.jpg\" class=\"attachment-thumbnail size-thumbnail\" alt=\"\" aria-describedby=\"gallery-2-170\" srcset=\"http:\/\/sudbrau.de\/wp-content\/uploads\/2018\/03\/20180107_101450-COLLAGE-150x150.jpg 150w, http:\/\/sudbrau.de\/wp-content\/uploads\/2018\/03\/20180107_101450-COLLAGE-300x300.jpg 300w, http:\/\/sudbrau.de\/wp-content\/uploads\/2018\/03\/20180107_101450-COLLAGE-768x768.jpg 768w, http:\/\/sudbrau.de\/wp-content\/uploads\/2018\/03\/20180107_101450-COLLAGE-100x100.jpg 100w, http:\/\/sudbrau.de\/wp-content\/uploads\/2018\/03\/20180107_101450-COLLAGE.jpg 1024w\" sizes=\"auto, 100vw\" \/><\/a>\n\t\t\t<\/div>\n\t\t\t\t<figcaption class='wp-caption-text gallery-caption' id='gallery-2-170'>\n\t\t\t\tG\u00e4rverlauf Bottich\n\t\t\t\t<\/figcaption><\/figure><figure class='gallery-item'>\n\t\t\t<div class='gallery-icon landscape'>\n\t\t\t\t<a href='http:\/\/sudbrau.de\/?attachment_id=171'><img loading=\"lazy\" decoding=\"async\" data-attachment-id=\"171\" data-orig-file=\"http:\/\/sudbrau.de\/wp-content\/uploads\/2018\/03\/inCollage_20180107_221242443.jpg\" data-orig-size=\"1920,1920\" data-comments-opened=\"1\" data-image-meta=\"{&quot;aperture&quot;:&quot;0&quot;,&quot;credit&quot;:&quot;&quot;,&quot;camera&quot;:&quot;&quot;,&quot;caption&quot;:&quot;&quot;,&quot;created_timestamp&quot;:&quot;0&quot;,&quot;copyright&quot;:&quot;&quot;,&quot;focal_length&quot;:&quot;0&quot;,&quot;iso&quot;:&quot;0&quot;,&quot;shutter_speed&quot;:&quot;0&quot;,&quot;title&quot;:&quot;&quot;,&quot;orientation&quot;:&quot;0&quot;,&quot;keywords&quot;:&quot;Array&quot;}\" data-image-title=\"inCollage_20180107_221242443\" data-image-description=\"\" data-medium-file=\"http:\/\/sudbrau.de\/wp-content\/uploads\/2018\/03\/inCollage_20180107_221242443-300x300.jpg\" data-large-file=\"http:\/\/sudbrau.de\/wp-content\/uploads\/2018\/03\/inCollage_20180107_221242443-1024x1024.jpg\" width=\"150\" height=\"150\" src=\"http:\/\/sudbrau.de\/wp-content\/uploads\/2018\/03\/inCollage_20180107_221242443-150x150.jpg\" class=\"attachment-thumbnail size-thumbnail\" alt=\"\" aria-describedby=\"gallery-2-171\" srcset=\"http:\/\/sudbrau.de\/wp-content\/uploads\/2018\/03\/inCollage_20180107_221242443-150x150.jpg 150w, http:\/\/sudbrau.de\/wp-content\/uploads\/2018\/03\/inCollage_20180107_221242443-300x300.jpg 300w, http:\/\/sudbrau.de\/wp-content\/uploads\/2018\/03\/inCollage_20180107_221242443-768x768.jpg 768w, http:\/\/sudbrau.de\/wp-content\/uploads\/2018\/03\/inCollage_20180107_221242443-1024x1024.jpg 1024w, http:\/\/sudbrau.de\/wp-content\/uploads\/2018\/03\/inCollage_20180107_221242443-100x100.jpg 100w, http:\/\/sudbrau.de\/wp-content\/uploads\/2018\/03\/inCollage_20180107_221242443.jpg 1920w\" sizes=\"auto, 100vw\" \/><\/a>\n\t\t\t<\/div>\n\t\t\t\t<figcaption class='wp-caption-text gallery-caption' id='gallery-2-171'>\n\t\t\t\tG\u00e4rverlauf Bottich Collage\n\t\t\t\t<\/figcaption><\/figure>\n\t\t<\/div>\n\n<p>Folgend noch ein paar Bilder von unterschiedlichen Bieren bei der G\u00e4rung&#8230;<\/p>\n<div data-carousel-extra='{\"blog_id\":1,\"permalink\":\"http:\\\/\\\/sudbrau.de\\\/?page_id=56\"}' id='gallery-3' class='gallery galleryid-56 gallery-columns-3 gallery-size-thumbnail'><figure class='gallery-item'>\n\t\t\t<div class='gallery-icon portrait'>\n\t\t\t\t<a href='http:\/\/sudbrau.de\/?attachment_id=158'><img loading=\"lazy\" decoding=\"async\" data-attachment-id=\"158\" data-orig-file=\"http:\/\/sudbrau.de\/wp-content\/uploads\/2018\/03\/IMG_20180102_095255.jpg\" data-orig-size=\"3000,5333\" data-comments-opened=\"1\" data-image-meta=\"{&quot;aperture&quot;:&quot;1.8&quot;,&quot;credit&quot;:&quot;&quot;,&quot;camera&quot;:&quot;ZTE A2017G&quot;,&quot;caption&quot;:&quot;&quot;,&quot;created_timestamp&quot;:&quot;1514886776&quot;,&quot;copyright&quot;:&quot;&quot;,&quot;focal_length&quot;:&quot;0&quot;,&quot;iso&quot;:&quot;1908&quot;,&quot;shutter_speed&quot;:&quot;0.076923076923077&quot;,&quot;title&quot;:&quot;&quot;,&quot;orientation&quot;:&quot;0&quot;,&quot;keywords&quot;:&quot;Array&quot;}\" data-image-title=\"IMG_20180102_095255\" data-image-description=\"\" data-medium-file=\"http:\/\/sudbrau.de\/wp-content\/uploads\/2018\/03\/IMG_20180102_095255-169x300.jpg\" data-large-file=\"http:\/\/sudbrau.de\/wp-content\/uploads\/2018\/03\/IMG_20180102_095255-576x1024.jpg\" width=\"150\" height=\"150\" src=\"http:\/\/sudbrau.de\/wp-content\/uploads\/2018\/03\/IMG_20180102_095255-150x150.jpg\" class=\"attachment-thumbnail size-thumbnail\" alt=\"\" aria-describedby=\"gallery-3-158\" srcset=\"http:\/\/sudbrau.de\/wp-content\/uploads\/2018\/03\/IMG_20180102_095255-150x150.jpg 150w, http:\/\/sudbrau.de\/wp-content\/uploads\/2018\/03\/IMG_20180102_095255-100x100.jpg 100w\" sizes=\"auto, 100vw\" \/><\/a>\n\t\t\t<\/div>\n\t\t\t\t<figcaption class='wp-caption-text gallery-caption' id='gallery-3-158'>\n\t\t\t\tG\u00e4rung\n\t\t\t\t<\/figcaption><\/figure><figure class='gallery-item'>\n\t\t\t<div class='gallery-icon portrait'>\n\t\t\t\t<a href='http:\/\/sudbrau.de\/?attachment_id=156'><img loading=\"lazy\" decoding=\"async\" data-attachment-id=\"156\" data-orig-file=\"http:\/\/sudbrau.de\/wp-content\/uploads\/2018\/03\/IMG_20171231_101335.jpg\" data-orig-size=\"3000,5333\" data-comments-opened=\"1\" data-image-meta=\"{&quot;aperture&quot;:&quot;1.8&quot;,&quot;credit&quot;:&quot;&quot;,&quot;camera&quot;:&quot;ZTE A2017G&quot;,&quot;caption&quot;:&quot;&quot;,&quot;created_timestamp&quot;:&quot;1514715215&quot;,&quot;copyright&quot;:&quot;&quot;,&quot;focal_length&quot;:&quot;4.216&quot;,&quot;iso&quot;:&quot;312&quot;,&quot;shutter_speed&quot;:&quot;0.033333333333333&quot;,&quot;title&quot;:&quot;&quot;,&quot;orientation&quot;:&quot;0&quot;,&quot;keywords&quot;:&quot;Array&quot;}\" data-image-title=\"IMG_20171231_101335\" data-image-description=\"\" data-medium-file=\"http:\/\/sudbrau.de\/wp-content\/uploads\/2018\/03\/IMG_20171231_101335-169x300.jpg\" data-large-file=\"http:\/\/sudbrau.de\/wp-content\/uploads\/2018\/03\/IMG_20171231_101335-576x1024.jpg\" width=\"150\" height=\"150\" src=\"http:\/\/sudbrau.de\/wp-content\/uploads\/2018\/03\/IMG_20171231_101335-150x150.jpg\" class=\"attachment-thumbnail size-thumbnail\" alt=\"\" aria-describedby=\"gallery-3-156\" srcset=\"http:\/\/sudbrau.de\/wp-content\/uploads\/2018\/03\/IMG_20171231_101335-150x150.jpg 150w, http:\/\/sudbrau.de\/wp-content\/uploads\/2018\/03\/IMG_20171231_101335-100x100.jpg 100w\" sizes=\"auto, 100vw\" \/><\/a>\n\t\t\t<\/div>\n\t\t\t\t<figcaption class='wp-caption-text gallery-caption' id='gallery-3-156'>\n\t\t\t\tG\u00e4rung\n\t\t\t\t<\/figcaption><\/figure><figure class='gallery-item'>\n\t\t\t<div class='gallery-icon portrait'>\n\t\t\t\t<a href='http:\/\/sudbrau.de\/?attachment_id=157'><img loading=\"lazy\" decoding=\"async\" data-attachment-id=\"157\" data-orig-file=\"http:\/\/sudbrau.de\/wp-content\/uploads\/2018\/03\/IMG_20180101_094948.jpg\" data-orig-size=\"3000,5333\" data-comments-opened=\"1\" data-image-meta=\"{&quot;aperture&quot;:&quot;1.8&quot;,&quot;credit&quot;:&quot;&quot;,&quot;camera&quot;:&quot;ZTE A2017G&quot;,&quot;caption&quot;:&quot;&quot;,&quot;created_timestamp&quot;:&quot;1514800188&quot;,&quot;copyright&quot;:&quot;&quot;,&quot;focal_length&quot;:&quot;4.216&quot;,&quot;iso&quot;:&quot;987&quot;,&quot;shutter_speed&quot;:&quot;0.05&quot;,&quot;title&quot;:&quot;&quot;,&quot;orientation&quot;:&quot;0&quot;,&quot;keywords&quot;:&quot;Array&quot;}\" data-image-title=\"IMG_20180101_094948\" data-image-description=\"\" data-medium-file=\"http:\/\/sudbrau.de\/wp-content\/uploads\/2018\/03\/IMG_20180101_094948-169x300.jpg\" data-large-file=\"http:\/\/sudbrau.de\/wp-content\/uploads\/2018\/03\/IMG_20180101_094948-576x1024.jpg\" width=\"150\" height=\"150\" src=\"http:\/\/sudbrau.de\/wp-content\/uploads\/2018\/03\/IMG_20180101_094948-150x150.jpg\" class=\"attachment-thumbnail size-thumbnail\" alt=\"\" aria-describedby=\"gallery-3-157\" srcset=\"http:\/\/sudbrau.de\/wp-content\/uploads\/2018\/03\/IMG_20180101_094948-150x150.jpg 150w, http:\/\/sudbrau.de\/wp-content\/uploads\/2018\/03\/IMG_20180101_094948-100x100.jpg 100w\" sizes=\"auto, 100vw\" \/><\/a>\n\t\t\t<\/div>\n\t\t\t\t<figcaption class='wp-caption-text gallery-caption' id='gallery-3-157'>\n\t\t\t\tG\u00e4rung\n\t\t\t\t<\/figcaption><\/figure>\n\t\t<\/div>\n\n<p>&nbsp;<\/p>\n","protected":false},"excerpt":{"rendered":"<p>Der G\u00e4rkeller der SudBr\u00e4u-Braumanufaktur besteht im wesentlichen aus einem gro\u00dfen K\u00fchlschrank und einem angepassten Edelstahlkegfass mit 30 Litern Inhalt. Die Temperatursteuerung erfolgt \u00fcber den allseits bekannten Inkbird Regler, der ein Heizen und auch ein K\u00fchlen zul\u00e4sst. Weiterhin wird ab und an auch die iSpindel zur Temperatur- und Extraktmessung verwendet. Bei unterg\u00e4rigen Bieren wird eigentlich t\u00e4glich &hellip; <\/p>\n<p class=\"link-more\"><a href=\"http:\/\/sudbrau.de\/?page_id=56\" class=\"more-link\"><span class=\"screen-reader-text\">\u201eG\u00e4rkeller\u201c<\/span> weiterlesen<\/a><\/p>\n","protected":false},"author":1,"featured_media":0,"parent":0,"menu_order":0,"comment_status":"closed","ping_status":"closed","template":"","meta":{"ngg_post_thumbnail":0,"footnotes":""},"class_list":["post-56","page","type-page","status-publish","hentry"],"_links":{"self":[{"href":"http:\/\/sudbrau.de\/index.php?rest_route=\/wp\/v2\/pages\/56","targetHints":{"allow":["GET"]}}],"collection":[{"href":"http:\/\/sudbrau.de\/index.php?rest_route=\/wp\/v2\/pages"}],"about":[{"href":"http:\/\/sudbrau.de\/index.php?rest_route=\/wp\/v2\/types\/page"}],"author":[{"embeddable":true,"href":"http:\/\/sudbrau.de\/index.php?rest_route=\/wp\/v2\/users\/1"}],"replies":[{"embeddable":true,"href":"http:\/\/sudbrau.de\/index.php?rest_route=%2Fwp%2Fv2%2Fcomments&post=56"}],"version-history":[{"count":3,"href":"http:\/\/sudbrau.de\/index.php?rest_route=\/wp\/v2\/pages\/56\/revisions"}],"predecessor-version":[{"id":173,"href":"http:\/\/sudbrau.de\/index.php?rest_route=\/wp\/v2\/pages\/56\/revisions\/173"}],"wp:attachment":[{"href":"http:\/\/sudbrau.de\/index.php?rest_route=%2Fwp%2Fv2%2Fmedia&parent=56"}],"curies":[{"name":"wp","href":"https:\/\/api.w.org\/{rel}","templated":true}]}}