{"id":58,"date":"2018-03-21T11:55:47","date_gmt":"2018-03-21T11:55:47","guid":{"rendered":"http:\/\/sudbrau.de\/?page_id=58"},"modified":"2018-03-29T15:22:30","modified_gmt":"2018-03-29T15:22:30","slug":"lagerkeller","status":"publish","type":"page","link":"http:\/\/sudbrau.de\/?page_id=58","title":{"rendered":"Lagerkeller"},"content":{"rendered":"<p>Der Lagerkeller der SudBr\u00e4u-Braumanufaktur besteht aus einem gro\u00dfen K\u00fchlschrank von Vestfrost und einigen 30 Liter Edelstahlkegf\u00e4ssern, in welche das Jungbier nach der G\u00e4rung geschlaucht wird.<\/p>\n<div data-carousel-extra='{\"blog_id\":1,\"permalink\":\"http:\\\/\\\/sudbrau.de\\\/?page_id=58\"}' id='gallery-1' class='gallery galleryid-58 gallery-columns-2 gallery-size-thumbnail'><figure class='gallery-item'>\n\t\t\t<div class='gallery-icon portrait'>\n\t\t\t\t<a href='http:\/\/sudbrau.de\/?attachment_id=163'><img loading=\"lazy\" decoding=\"async\" data-attachment-id=\"163\" data-orig-file=\"http:\/\/sudbrau.de\/wp-content\/uploads\/2018\/03\/IMG_20180329_162615.jpg\" data-orig-size=\"3000,5333\" data-comments-opened=\"1\" data-image-meta=\"{&quot;aperture&quot;:&quot;1.8&quot;,&quot;credit&quot;:&quot;&quot;,&quot;camera&quot;:&quot;ZTE A2017G&quot;,&quot;caption&quot;:&quot;&quot;,&quot;created_timestamp&quot;:&quot;1522340775&quot;,&quot;copyright&quot;:&quot;&quot;,&quot;focal_length&quot;:&quot;4.216&quot;,&quot;iso&quot;:&quot;341&quot;,&quot;shutter_speed&quot;:&quot;0.033333333333333&quot;,&quot;title&quot;:&quot;&quot;,&quot;orientation&quot;:&quot;0&quot;,&quot;keywords&quot;:&quot;Array&quot;}\" data-image-title=\"IMG_20180329_162615\" data-image-description=\"\" data-medium-file=\"http:\/\/sudbrau.de\/wp-content\/uploads\/2018\/03\/IMG_20180329_162615-169x300.jpg\" data-large-file=\"http:\/\/sudbrau.de\/wp-content\/uploads\/2018\/03\/IMG_20180329_162615-576x1024.jpg\" width=\"150\" height=\"150\" src=\"http:\/\/sudbrau.de\/wp-content\/uploads\/2018\/03\/IMG_20180329_162615-150x150.jpg\" class=\"attachment-thumbnail size-thumbnail\" alt=\"\" aria-describedby=\"gallery-1-163\" srcset=\"http:\/\/sudbrau.de\/wp-content\/uploads\/2018\/03\/IMG_20180329_162615-150x150.jpg 150w, http:\/\/sudbrau.de\/wp-content\/uploads\/2018\/03\/IMG_20180329_162615-100x100.jpg 100w\" sizes=\"auto, 100vw\" \/><\/a>\n\t\t\t<\/div>\n\t\t\t\t<figcaption class='wp-caption-text gallery-caption' id='gallery-1-163'>\n\t\t\t\tK\u00fchlschrank Vestfrost\n\t\t\t\t<\/figcaption><\/figure><figure class='gallery-item'>\n\t\t\t<div class='gallery-icon portrait'>\n\t\t\t\t<a href='http:\/\/sudbrau.de\/?attachment_id=159'><img loading=\"lazy\" decoding=\"async\" data-attachment-id=\"159\" data-orig-file=\"http:\/\/sudbrau.de\/wp-content\/uploads\/2018\/03\/IMG_20180104_122146.jpg\" data-orig-size=\"3000,5333\" data-comments-opened=\"1\" data-image-meta=\"{&quot;aperture&quot;:&quot;1.8&quot;,&quot;credit&quot;:&quot;&quot;,&quot;camera&quot;:&quot;ZTE A2017G&quot;,&quot;caption&quot;:&quot;&quot;,&quot;created_timestamp&quot;:&quot;1515068506&quot;,&quot;copyright&quot;:&quot;&quot;,&quot;focal_length&quot;:&quot;4.216&quot;,&quot;iso&quot;:&quot;368&quot;,&quot;shutter_speed&quot;:&quot;0.05&quot;,&quot;title&quot;:&quot;&quot;,&quot;orientation&quot;:&quot;0&quot;,&quot;keywords&quot;:&quot;Array&quot;}\" data-image-title=\"IMG_20180104_122146\" data-image-description=\"\" data-medium-file=\"http:\/\/sudbrau.de\/wp-content\/uploads\/2018\/03\/IMG_20180104_122146-169x300.jpg\" data-large-file=\"http:\/\/sudbrau.de\/wp-content\/uploads\/2018\/03\/IMG_20180104_122146-576x1024.jpg\" width=\"150\" height=\"150\" src=\"http:\/\/sudbrau.de\/wp-content\/uploads\/2018\/03\/IMG_20180104_122146-150x150.jpg\" class=\"attachment-thumbnail size-thumbnail\" alt=\"\" aria-describedby=\"gallery-1-159\" srcset=\"http:\/\/sudbrau.de\/wp-content\/uploads\/2018\/03\/IMG_20180104_122146-150x150.jpg 150w, http:\/\/sudbrau.de\/wp-content\/uploads\/2018\/03\/IMG_20180104_122146-100x100.jpg 100w\" sizes=\"auto, 100vw\" \/><\/a>\n\t\t\t<\/div>\n\t\t\t\t<figcaption class='wp-caption-text gallery-caption' id='gallery-1-159'>\n\t\t\t\toffener K\u00fchlschrank\n\t\t\t\t<\/figcaption><\/figure><figure class='gallery-item'>\n\t\t\t<div class='gallery-icon landscape'>\n\t\t\t\t<a href='http:\/\/sudbrau.de\/?attachment_id=151'><img loading=\"lazy\" decoding=\"async\" data-attachment-id=\"151\" data-orig-file=\"http:\/\/sudbrau.de\/wp-content\/uploads\/2018\/03\/IMG_0801.jpg\" data-orig-size=\"3264,2448\" data-comments-opened=\"1\" data-image-meta=\"{&quot;aperture&quot;:&quot;2&quot;,&quot;credit&quot;:&quot;&quot;,&quot;camera&quot;:&quot;JY-S3&quot;,&quot;caption&quot;:&quot;&quot;,&quot;created_timestamp&quot;:&quot;1469729612&quot;,&quot;copyright&quot;:&quot;&quot;,&quot;focal_length&quot;:&quot;3.5&quot;,&quot;iso&quot;:&quot;338&quot;,&quot;shutter_speed&quot;:&quot;0.059996&quot;,&quot;title&quot;:&quot;&quot;,&quot;orientation&quot;:&quot;1&quot;,&quot;keywords&quot;:&quot;Array&quot;}\" data-image-title=\"IMG_0801\" data-image-description=\"\" data-medium-file=\"http:\/\/sudbrau.de\/wp-content\/uploads\/2018\/03\/IMG_0801-300x225.jpg\" data-large-file=\"http:\/\/sudbrau.de\/wp-content\/uploads\/2018\/03\/IMG_0801-1024x768.jpg\" width=\"150\" height=\"150\" src=\"http:\/\/sudbrau.de\/wp-content\/uploads\/2018\/03\/IMG_0801-150x150.jpg\" class=\"attachment-thumbnail size-thumbnail\" alt=\"\" aria-describedby=\"gallery-1-151\" srcset=\"http:\/\/sudbrau.de\/wp-content\/uploads\/2018\/03\/IMG_0801-150x150.jpg 150w, http:\/\/sudbrau.de\/wp-content\/uploads\/2018\/03\/IMG_0801-100x100.jpg 100w\" sizes=\"auto, 100vw\" \/><\/a>\n\t\t\t<\/div>\n\t\t\t\t<figcaption class='wp-caption-text gallery-caption' id='gallery-1-151'>\n\t\t\t\tTypischer Aufbau zum Schlauchen\n\t\t\t\t<\/figcaption><\/figure><figure class='gallery-item'>\n\t\t\t<div class='gallery-icon landscape'>\n\t\t\t\t<a href='http:\/\/sudbrau.de\/?attachment_id=152'><img loading=\"lazy\" decoding=\"async\" data-attachment-id=\"152\" data-orig-file=\"http:\/\/sudbrau.de\/wp-content\/uploads\/2018\/03\/IMG_0804.jpg\" data-orig-size=\"3264,2448\" data-comments-opened=\"1\" data-image-meta=\"{&quot;aperture&quot;:&quot;2&quot;,&quot;credit&quot;:&quot;&quot;,&quot;camera&quot;:&quot;JY-S3&quot;,&quot;caption&quot;:&quot;&quot;,&quot;created_timestamp&quot;:&quot;1469729732&quot;,&quot;copyright&quot;:&quot;&quot;,&quot;focal_length&quot;:&quot;3.5&quot;,&quot;iso&quot;:&quot;415&quot;,&quot;shutter_speed&quot;:&quot;0.059996&quot;,&quot;title&quot;:&quot;&quot;,&quot;orientation&quot;:&quot;1&quot;,&quot;keywords&quot;:&quot;Array&quot;}\" data-image-title=\"IMG_0804\" data-image-description=\"\" data-medium-file=\"http:\/\/sudbrau.de\/wp-content\/uploads\/2018\/03\/IMG_0804-300x225.jpg\" data-large-file=\"http:\/\/sudbrau.de\/wp-content\/uploads\/2018\/03\/IMG_0804-1024x768.jpg\" width=\"150\" height=\"150\" src=\"http:\/\/sudbrau.de\/wp-content\/uploads\/2018\/03\/IMG_0804-150x150.jpg\" class=\"attachment-thumbnail size-thumbnail\" alt=\"\" aria-describedby=\"gallery-1-152\" srcset=\"http:\/\/sudbrau.de\/wp-content\/uploads\/2018\/03\/IMG_0804-150x150.jpg 150w, http:\/\/sudbrau.de\/wp-content\/uploads\/2018\/03\/IMG_0804-100x100.jpg 100w\" sizes=\"auto, 100vw\" \/><\/a>\n\t\t\t<\/div>\n\t\t\t\t<figcaption class='wp-caption-text gallery-caption' id='gallery-1-152'>\n\t\t\t\tHefereste in G\u00e4rbottich\n\t\t\t\t<\/figcaption><\/figure>\n\t\t<\/div>\n\n<p>Nachdem das Jungbier im Fass ist, wird dieses in den K\u00fchlschrank gestellt und das Bier reift hier bei ca. 1- 2\u00b0C noch ca. 4 bis 6 Wochen. Meistens wird das Bier &#8222;gr\u00fcn geschlaucht&#8220; und mittels Spundapparat auf den gew\u00fcnschten Kohlens\u00e4uregehalt gespundet.<\/p>\n<div data-carousel-extra='{\"blog_id\":1,\"permalink\":\"http:\\\/\\\/sudbrau.de\\\/?page_id=58\"}' id='gallery-2' class='gallery galleryid-58 gallery-columns-2 gallery-size-thumbnail'><figure class='gallery-item'>\n\t\t\t<div class='gallery-icon portrait'>\n\t\t\t\t<a href='http:\/\/sudbrau.de\/?attachment_id=161'><img loading=\"lazy\" decoding=\"async\" data-attachment-id=\"161\" data-orig-file=\"http:\/\/sudbrau.de\/wp-content\/uploads\/2018\/03\/IMG_20180104_122614.jpg\" data-orig-size=\"3000,5333\" data-comments-opened=\"1\" data-image-meta=\"{&quot;aperture&quot;:&quot;1.8&quot;,&quot;credit&quot;:&quot;&quot;,&quot;camera&quot;:&quot;ZTE A2017G&quot;,&quot;caption&quot;:&quot;&quot;,&quot;created_timestamp&quot;:&quot;1515068774&quot;,&quot;copyright&quot;:&quot;&quot;,&quot;focal_length&quot;:&quot;4.216&quot;,&quot;iso&quot;:&quot;163&quot;,&quot;shutter_speed&quot;:&quot;0.033333333333333&quot;,&quot;title&quot;:&quot;&quot;,&quot;orientation&quot;:&quot;0&quot;,&quot;keywords&quot;:&quot;Array&quot;}\" data-image-title=\"IMG_20180104_122614\" data-image-description=\"\" data-medium-file=\"http:\/\/sudbrau.de\/wp-content\/uploads\/2018\/03\/IMG_20180104_122614-169x300.jpg\" data-large-file=\"http:\/\/sudbrau.de\/wp-content\/uploads\/2018\/03\/IMG_20180104_122614-576x1024.jpg\" width=\"150\" height=\"150\" src=\"http:\/\/sudbrau.de\/wp-content\/uploads\/2018\/03\/IMG_20180104_122614-150x150.jpg\" class=\"attachment-thumbnail size-thumbnail\" alt=\"\" aria-describedby=\"gallery-2-161\" srcset=\"http:\/\/sudbrau.de\/wp-content\/uploads\/2018\/03\/IMG_20180104_122614-150x150.jpg 150w, http:\/\/sudbrau.de\/wp-content\/uploads\/2018\/03\/IMG_20180104_122614-100x100.jpg 100w\" sizes=\"auto, 100vw\" \/><\/a>\n\t\t\t<\/div>\n\t\t\t\t<figcaption class='wp-caption-text gallery-caption' id='gallery-2-161'>\n\t\t\t\tBeim Schlauchen &#8211; iSpindel liegt am Boden\n\t\t\t\t<\/figcaption><\/figure><figure class='gallery-item'>\n\t\t\t<div class='gallery-icon landscape'>\n\t\t\t\t<a href='http:\/\/sudbrau.de\/?attachment_id=152'><img loading=\"lazy\" decoding=\"async\" data-attachment-id=\"152\" data-orig-file=\"http:\/\/sudbrau.de\/wp-content\/uploads\/2018\/03\/IMG_0804.jpg\" data-orig-size=\"3264,2448\" data-comments-opened=\"1\" data-image-meta=\"{&quot;aperture&quot;:&quot;2&quot;,&quot;credit&quot;:&quot;&quot;,&quot;camera&quot;:&quot;JY-S3&quot;,&quot;caption&quot;:&quot;&quot;,&quot;created_timestamp&quot;:&quot;1469729732&quot;,&quot;copyright&quot;:&quot;&quot;,&quot;focal_length&quot;:&quot;3.5&quot;,&quot;iso&quot;:&quot;415&quot;,&quot;shutter_speed&quot;:&quot;0.059996&quot;,&quot;title&quot;:&quot;&quot;,&quot;orientation&quot;:&quot;1&quot;,&quot;keywords&quot;:&quot;Array&quot;}\" data-image-title=\"IMG_0804\" data-image-description=\"\" data-medium-file=\"http:\/\/sudbrau.de\/wp-content\/uploads\/2018\/03\/IMG_0804-300x225.jpg\" data-large-file=\"http:\/\/sudbrau.de\/wp-content\/uploads\/2018\/03\/IMG_0804-1024x768.jpg\" width=\"150\" height=\"150\" src=\"http:\/\/sudbrau.de\/wp-content\/uploads\/2018\/03\/IMG_0804-150x150.jpg\" class=\"attachment-thumbnail size-thumbnail\" alt=\"\" aria-describedby=\"gallery-2-152\" srcset=\"http:\/\/sudbrau.de\/wp-content\/uploads\/2018\/03\/IMG_0804-150x150.jpg 150w, http:\/\/sudbrau.de\/wp-content\/uploads\/2018\/03\/IMG_0804-100x100.jpg 100w\" sizes=\"auto, 100vw\" \/><\/a>\n\t\t\t<\/div>\n\t\t\t\t<figcaption class='wp-caption-text gallery-caption' id='gallery-2-152'>\n\t\t\t\tHefereste in G\u00e4rbottich\n\t\t\t\t<\/figcaption><\/figure>\n\t\t<\/div>\n\n","protected":false},"excerpt":{"rendered":"<p>Der Lagerkeller der SudBr\u00e4u-Braumanufaktur besteht aus einem gro\u00dfen K\u00fchlschrank von Vestfrost und einigen 30 Liter Edelstahlkegf\u00e4ssern, in welche das Jungbier nach der G\u00e4rung geschlaucht wird. Nachdem das Jungbier im Fass ist, wird dieses in den K\u00fchlschrank gestellt und das Bier reift hier bei ca. 1- 2\u00b0C noch ca. 4 bis 6 Wochen. Meistens wird das &hellip; <\/p>\n<p class=\"link-more\"><a href=\"http:\/\/sudbrau.de\/?page_id=58\" class=\"more-link\"><span class=\"screen-reader-text\">\u201eLagerkeller\u201c<\/span> weiterlesen<\/a><\/p>\n","protected":false},"author":1,"featured_media":0,"parent":0,"menu_order":0,"comment_status":"closed","ping_status":"closed","template":"","meta":{"ngg_post_thumbnail":0,"footnotes":""},"class_list":["post-58","page","type-page","status-publish","hentry"],"_links":{"self":[{"href":"http:\/\/sudbrau.de\/index.php?rest_route=\/wp\/v2\/pages\/58","targetHints":{"allow":["GET"]}}],"collection":[{"href":"http:\/\/sudbrau.de\/index.php?rest_route=\/wp\/v2\/pages"}],"about":[{"href":"http:\/\/sudbrau.de\/index.php?rest_route=\/wp\/v2\/types\/page"}],"author":[{"embeddable":true,"href":"http:\/\/sudbrau.de\/index.php?rest_route=\/wp\/v2\/users\/1"}],"replies":[{"embeddable":true,"href":"http:\/\/sudbrau.de\/index.php?rest_route=%2Fwp%2Fv2%2Fcomments&post=58"}],"version-history":[{"count":4,"href":"http:\/\/sudbrau.de\/index.php?rest_route=\/wp\/v2\/pages\/58\/revisions"}],"predecessor-version":[{"id":177,"href":"http:\/\/sudbrau.de\/index.php?rest_route=\/wp\/v2\/pages\/58\/revisions\/177"}],"wp:attachment":[{"href":"http:\/\/sudbrau.de\/index.php?rest_route=%2Fwp%2Fv2%2Fmedia&parent=58"}],"curies":[{"name":"wp","href":"https:\/\/api.w.org\/{rel}","templated":true}]}}